{"id":1693,"date":"2019-09-18T04:56:50","date_gmt":"2019-09-18T04:56:50","guid":{"rendered":"https:\/\/rupertone.it\/jordan\/tours-2\/"},"modified":"2025-06-05T15:35:13","modified_gmt":"2025-06-05T13:35:13","slug":"tours-2","status":"publish","type":"page","link":"https:\/\/wadirumbedouinspirit.com\/fr\/tours-2\/","title":{"rendered":"Tours"},"content":{"rendered":"<div class=\"wpb-content-wrapper\"><p>[vc_row full_width=\u00a0\u00bbstretch_row_content_no_spaces\u00a0\u00bb equal_height=\u00a0\u00bbyes\u00a0\u00bb content_placement=\u00a0\u00bbtop\u00a0\u00bb][vc_column width=\u00a0\u00bb1\/2&Prime; css=\u00a0\u00bb.vc_custom_1571563698882{padding: 50px !important;background-color: #ececec !important;}\u00a0\u00bb][vc_column_text css=\u00a0\u00bb\u00a0\u00bb]<\/p>\n<h3 class=\"p1\" style=\"text-align: center;\"><b>Excursion d\u2019une demi-journ\u00e9e en jeep<\/b><\/h3>\n<p class=\"p1\">Au cours de la demi-journ\u00e9e en jeep, vous verrez certains des endroits les plus c\u00e9l\u00e8bres de notre d\u00e9sert rouge, vous irez d\u2019un endroit \u00e0 un autre avec notre jeep, vous pourrez voir de beaux paysages de montagnes et en attendant vous essayerez \u00e9galement le th\u00e9 typiquement b\u00e9douin ! Au total, cela durera 4 heures et nous donnons la possibilit\u00e9 \u00e0 nos clients de choisir entre la visite du matin (9h00-13h00) ou la visite de l\u2019apr\u00e8s-midi (14h00-18h00) qui se terminera par le coucher du soleil depuis un endroit magnifique !<\/p>\n<p class=\"p1\">Pour une personne, le prix est de 50 JD, pour les groupes de 2 \u00e0 3 personnes, les prix sont de 30 JD par adulte, \u00e0 partir de 4 personnes, le prix est de 25 JD par personne. 15 JD pour les enfants de 10 \u00e0 17 ans, et GRATUIT pour les moins de 9 ans (visite, th\u00e9 et eau inclus)<\/p>\n<p>[\/vc_column_text][\/vc_column][vc_column width=\u00a0\u00bb1\/2&Prime; css=\u00a0\u00bb.vc_custom_1571563703928{padding: 50px !important;background-color: #fbfafa !important;}\u00a0\u00bb][vc_column_text css=\u00a0\u00bb\u00a0\u00bb]<\/p>\n<h3 class=\"p1\" style=\"text-align: center;\"><b>Excursion d\u2019une journ\u00e9e en jeep<\/b><\/h3>\n<p style=\"text-align: left;\">\u200f<\/p>\n<p class=\"p1\">L\u2019excursion d\u2019une journ\u00e9e compl\u00e8te en jeep comprend deux options :<br \/>\nD\u00e9sert Rouge \u2013 Vous visiterez certains des endroits les plus c\u00e9l\u00e8bres du d\u00e9sert rouge et, d\u2019un endroit \u00e0 l\u2019autre, vous d\u00e9gusterez le d\u00e9jeuner b\u00e9douin typique, prendrez du th\u00e9 chaud et de l\u2019eau. Nous offrons \u00e9galement la possibilit\u00e9 d\u2019essayer le sandboard inclus dans le prix <span class=\"s1\">\ud83d\ude42<\/span> la visite se terminera par un coucher de soleil que vous pourrez admirer depuis un magnifique point de vue ! Pour une personne, le prix est de 80 JD, pour les groupes de 2 \u00e0 3 personnes, les prix sont de 55 JD par adulte et pour un groupe de 4 personnes, le prix est de 40 JD par personne. 30 JD pour les enfants de 10 \u00e0 17 ans et GRATUIT pour les enfants de moins de 9 ans (visite, d\u00e9jeuner, th\u00e9, eau et sandboard inclus)[\/vc_column_text][\/vc_column][\/vc_row][vc_row full_width=\u00a0\u00bbstretch_row_content_no_spaces\u00a0\u00bb equal_height=\u00a0\u00bbyes\u00a0\u00bb content_placement=\u00a0\u00bbtop\u00a0\u00bb el_class=\u00a0\u00bbreverse-row-on-mobile\u00a0\u00bb][vc_column width=\u00a0\u00bb1\/2&Prime; css=\u00a0\u00bb.vc_custom_1571563709767{padding: 50px !important;background-color: #fbfafa !important;}\u00a0\u00bb][vc_column_text css=\u00a0\u00bb\u00a0\u00bb]<\/p>\n<h3 class=\"p1\" style=\"text-align: center;\"><b>D\u00e9sert Blanc<\/b><\/h3>\n<p class=\"p1\">Comme il y a beaucoup de touristes dans le D\u00e9sert Rouge, nous comprenons le d\u00e9sir de certaines personnes de visiter un endroit plus calme. Pour cela nous vous proposons un tour dans le D\u00e9sert Blanc ! Ici, vous visiterez de beaux endroits et points de vue, prendrez un d\u00e9jeuner typiquement b\u00e9douin et un th\u00e9 chaud et vous aurez, ici aussi, la possibilit\u00e9 d&rsquo;essayer le sandboard ! La visite se terminera avec le coucher du soleil depuis un magnifique point de vue \ud83d\ude42Pour une personne, le prix est de 90 JD, pour les groupes de 2-3, les prix sont de 60 JD par adulte et pour les groupes de 4 personnes, le prix est de 45 JD par personne. 35 JD pour les enfants de 10 \u00e0 17 ans, et GRATUIT pour les enfants de moins de 9 ans (visite, d\u00e9jeuner, th\u00e9, eau et sandboard inclus<\/p>\n<p>[\/vc_column_text][\/vc_column][vc_column width=\u00a0\u00bb1\/2&Prime; css=\u00a0\u00bb.vc_custom_1571563714592{padding: 50px !important;background-color: #ececec !important;}\u00a0\u00bb][vc_column_text css=\u00a0\u00bb\u00a0\u00bb]<\/p>\n<h3 class=\"p1\" style=\"text-align: center;\"><b>Arche de Burdah<\/b><\/h3>\n<p style=\"text-align: left;\">L&rsquo;arche de Burdah est l&rsquo;une des attractions les plus c\u00e9l\u00e8bres du Wadi Rum ! C&rsquo;est une construction naturelle au sommet de la montagne qui prend au maximum 3 heures et demie pour monter et descendre et des comp\u00e9tences de randonn\u00e9e tr\u00e8s faciles \ud83d\ude42 Du sommet, vous pouvez prendre une photo tr\u00e8s sp\u00e9ciale et voir une vue inoubliable sur le d\u00e9sert et les montagnes environnantes ! Apr\u00e8s avoir go\u00fbt\u00e9 notre d\u00e9jeuner b\u00e9douin typique, prenez un th\u00e9 chaud et continuez votre visite en visitant de magnifiques endroits du d\u00e9sert. Nous donnons \u00e9galement la possibilit\u00e9 d&rsquo;essayer le sandboard inclus dans le prix \ud83d\ude42Vous terminerez par voir le coucher de soleil d&rsquo;un magnifique point de vue !\u2028Pour une personne, le prix est de 110 JD, pour les groupes de 2 ou 3 personnes, les prix sont de 75 JD par adulte, et pour les groupes de 4 personnes au-dessus, le prix est de 55 JD par personne. 40 JD pour les enfants de 10 \u00e0 17 ans, et GRATUIT pour les enfants de moins de 9 ans (visite, d\u00e9jeuner, th\u00e9, eau et sandboard inclus[\/vc_column_text][\/vc_column][\/vc_row][vc_row full_width=\u00a0\u00bbstretch_row_content_no_spaces\u00a0\u00bb equal_height=\u00a0\u00bbyes\u00a0\u00bb content_placement=\u00a0\u00bbtop\u00a0\u00bb el_class=\u00a0\u00bbreverse-row-on-mobile\u00a0\u00bb][vc_column width=\u00a0\u00bb1\/2&Prime; css=\u00a0\u00bb.vc_custom_1718620449442{padding-top: 50px !important;padding-right: 50px !important;padding-bottom: 50px !important;padding-left: 50px !important;background-color: #ededed !important;border-color: #ececec !important;}\u00a0\u00bb][vc_column_text css=\u00a0\u00bb\u00a0\u00bb]<\/p>\n<h3 style=\"text-align: center;\"><\/h3>\n<h3 style=\"text-align: center;\"><strong>Jabal Umm a Dami<\/strong><\/h3>\n<p style=\"text-align: left;\">Jabal Umm a Dami est la plus haute montagne de Jordanie. Elle culmine \u00e0 1 854 m et de l\u00e0, vous pourrez profiter d&rsquo;une belle vue \u00e0 360 degr\u00e9s sur le d\u00e9sert, la fronti\u00e8re avec l&rsquo;Arabie Saoudite et toutes les montagnes environnantes !\u2028La randonn\u00e9e prendra 4 heures pour monter et descendre et des comp\u00e9tences de randonn\u00e9e faciles \ud83d\ude42Apr\u00e8s avoir go\u00fbt\u00e9 notre d\u00e9jeuner b\u00e9douin typique, prenez du th\u00e9 chaud et vous continuerez votre visite en visitant de magnifiques endroits du d\u00e9sert. Nous donnons \u00e9galement la possibilit\u00e9 d&rsquo;essayer le sandboard inclus dans le prix \ud83d\ude42Vous terminerez par voir le coucher de soleil d&rsquo;un magnifique point de vue !\u2028Pour une personne, le prix est de 120 JD, pour les groupes de 2 \u00e0 3 personnes, les prix sont de 80 JD par adulte et pour les groupes de 4 personnes, le prix est de 65 JD. 45 JD pour les enfants de 10 \u00e0 17 ans et GRATUIT pour les enfants de moins de 9 ans (visite, d\u00e9jeuner, th\u00e9, eau et sandboard inclus)[\/vc_column_text][\/vc_column][vc_column width=\u00a0\u00bb1\/2&Prime; css=\u00a0\u00bb.vc_custom_1718620588891{padding-top: 50px !important;padding-right: 50px !important;padding-bottom: 50px !important;padding-left: 50px !important;background-color: #ffffff !important;border-color: #ffffff !important;}\u00a0\u00bb][vc_column_text css=\u00a0\u00bb\u00a0\u00bb]<\/p>\n<h3 class=\"p1\" style=\"text-align: center;\"><b>Balade \u00e0 dos de chameau<\/b><\/h3>\n<p class=\"p1\">Nous donnons l\u2019opportunit\u00e9 d\u2019essayer de monter nos chameaux dans le d\u00e9sert ! Ce sera une balade d\u2019une heure avec un guide b\u00e9douin et vous profiterez d\u2019une belle vue sur le d\u00e9sert et les montagnes depuis le sommet et dans le confort d\u2019un chameau ! Le prix est de 20JD par personne (transport inclus) <span class=\"s1\">\ud83d\ude42<\/span><\/p>\n<p>[\/vc_column_text][\/vc_column][\/vc_row][vc_row full_width=\u00a0\u00bbstretch_row_content_no_spaces\u00a0\u00bb equal_height=\u00a0\u00bbyes\u00a0\u00bb content_placement=\u00a0\u00bbtop\u00a0\u00bb el_class=\u00a0\u00bbreverse-row-on-mobile\u00a0\u00bb css=\u00a0\u00bb.vc_custom_1718620864105{background-color: #ffffff !important;border-color: #ffffff !important;}\u00a0\u00bb][vc_column width=\u00a0\u00bb1\/2&Prime; css=\u00a0\u00bb.vc_custom_1718620908874{padding-top: 50px !important;padding-right: 50px !important;padding-bottom: 50px !important;padding-left: 50px !important;background-color: #ffffff !important;border-color: #ffffff !important;}\u00a0\u00bb][vc_column_text css=\u00a0\u00bb\u00a0\u00bb]<\/p>\n<h3 class=\"p1\" style=\"text-align: center;\"><b>Escalade<\/b><\/h3>\n<p>Nous proposons une exp\u00e9rience d&rsquo;escalade pour avoir une vue diff\u00e9rente et sp\u00e9ciale de notre d\u00e9sert, en fait nos montagnes sont l&rsquo;un des paradis de l&rsquo;escalade les plus c\u00e9l\u00e8bres ! Il y a des itin\u00e9raires pour tous les niveaux et toutes les exp\u00e9riences, et nous donnons l&rsquo;opportunit\u00e9 \u00e0 tout le monde, m\u00eame \u00e0 ceux qui font leurs premiers pas \ud83d\ude42Nous fournissons tout l&rsquo;\u00e9quipement et apr\u00e8s l&rsquo;ascension vous vous d\u00e9tendrez en buvant du th\u00e9 typiquement b\u00e9douin !\u2028Les prix sont de 100JD par personne (inclus le transport, le mat\u00e9riel, le th\u00e9 et l&rsquo;eau)[\/vc_column_text][\/vc_column][\/vc_row][vc_row][vc_column]<div class=\"gap\" style=\"line-height: 10px; height: 10px;\"><\/div>[vc_column_text css=\u00a0\u00bb\u00a0\u00bb]<\/p>\n<h3 class=\"p1\" style=\"text-align: center;\"><b>R\u00e9servez votre exp\u00e9rience Wadi Rum<\/b><\/h3>\n<p>Nous sommes ravis que vous ayez d\u00e9cid\u00e9 de vous lancer dans une aventure dans le Wadi Rum avec nous\u00a0! Le processus de r\u00e9servation est tr\u00e8s simple : remplissez simplement le formulaire ci-dessous et nous vous contacterons dans les plus brefs d\u00e9lais. Vous trouverez \u00e9galement d\u2019autres d\u00e9tails de r\u00e9servation sous le formulaire. Nous avons h\u00e2te de vous pr\u00e9senter notre belle patrie et de cr\u00e9er des souvenirs du d\u00e9sert qui dureront toute une vie\u00a0! Si vous avez des questions ou des pr\u00e9occupations concernant nos forfaits, les tarifs de groupe ou tout ce qui n&rsquo;est pas couvert sur notre site Web, n&rsquo;h\u00e9sitez pas \u00e0 nous contacter en nous envoyant un message. Nous sommes reconnaissants de votre int\u00e9r\u00eat et serions ravis d\u2019avoir de vos nouvelles. Merci.[\/vc_column_text][vc_empty_space height=\u00a0\u00bb64px\u00a0\u00bb][\/vc_column][\/vc_row][vc_row][vc_column]\n<div class=\"wpcf7 no-js\" id=\"wpcf7-f1937-o1\" lang=\"fr-FR\" dir=\"ltr\" data-wpcf7-id=\"1937\">\n<div class=\"screen-reader-response\"><p role=\"status\" aria-live=\"polite\" aria-atomic=\"true\"><\/p> <ul><\/ul><\/div>\n<form action=\"\/fr\/wp-json\/wp\/v2\/pages\/1693#wpcf7-f1937-o1\" method=\"post\" class=\"wpcf7-form init\" aria-label=\"Formulaire de contact\" novalidate=\"novalidate\" data-status=\"init\">\n<fieldset class=\"hidden-fields-container\"><input type=\"hidden\" name=\"_wpcf7\" value=\"1937\" \/><input type=\"hidden\" name=\"_wpcf7_version\" value=\"6.1.3\" \/><input type=\"hidden\" name=\"_wpcf7_locale\" value=\"fr_FR\" \/><input type=\"hidden\" name=\"_wpcf7_unit_tag\" value=\"wpcf7-f1937-o1\" \/><input type=\"hidden\" name=\"_wpcf7_container_post\" value=\"0\" \/><input type=\"hidden\" name=\"_wpcf7_posted_data_hash\" value=\"\" \/>\n<\/fieldset>\n<p><label><br \/>\n<span class=\"wpcf7-form-control-wrap\" data-name=\"text-55\"><input size=\"40\" maxlength=\"400\" class=\"wpcf7-form-control wpcf7-text wpcf7-validates-as-required\" aria-required=\"true\" aria-invalid=\"false\" placeholder=\"Nom\u00e9\" value=\"\" type=\"text\" name=\"text-55\" \/><\/span><br \/>\n<\/label>\n<\/p>\n<p><label><br \/>\n<span class=\"wpcf7-form-control-wrap\" data-name=\"email-143\"><input size=\"40\" maxlength=\"400\" class=\"wpcf7-form-control wpcf7-email wpcf7-validates-as-required wpcf7-text wpcf7-validates-as-email\" aria-required=\"true\" aria-invalid=\"false\" placeholder=\"E-mail\" value=\"\" type=\"email\" name=\"email-143\" \/><\/span><br \/>\n<\/label>\n<\/p>\n<p><label><br \/>\n<span class=\"wpcf7-form-control-wrap\" data-name=\"text-94\"><input size=\"40\" maxlength=\"400\" class=\"wpcf7-form-control wpcf7-text\" aria-invalid=\"false\" placeholder=\"T\u00e9l\u00e9phone\" value=\"\" type=\"text\" name=\"text-94\" \/><\/span><br \/>\n<\/label>\n<\/p>\n<p><label> Nombre d'adultes* <\/label><br \/>\n<span class=\"wpcf7-form-control-wrap\" data-name=\"select-635\"><select class=\"wpcf7-form-control wpcf7-select\" aria-invalid=\"false\" name=\"select-635\"><option value=\"\">1<\/option><option value=\"2\">2<\/option><option value=\"3\">3<\/option><option value=\"4\">4<\/option><option value=\"5\">5<\/option><\/select><\/span>\n<\/p>\n<p><label> Nombre d'enfants* <\/label><br \/>\n<span class=\"wpcf7-form-control-wrap\" data-name=\"select-849\"><select class=\"wpcf7-form-control wpcf7-select\" aria-invalid=\"false\" name=\"select-849\"><option value=\"\">0<\/option><option value=\"1\">1<\/option><option value=\"2\">2<\/option><option value=\"3\">3<\/option><option value=\"4\">4<\/option><option value=\"5\">5<\/option><\/select><\/span>\n<\/p>\n<p><label> Date d'arriv\u00e9e <\/label><br \/>\n<span class=\"wpcf7-form-control-wrap\" data-name=\"date-28\"><input class=\"wpcf7-form-control wpcf7-date wpcf7-validates-as-date\" aria-invalid=\"false\" value=\"\" type=\"date\" name=\"date-28\" \/><\/span>\n<\/p>\n<p><label> Date de d\u00e9part <\/label><br \/>\n<span class=\"wpcf7-form-control-wrap\" data-name=\"date-764\"><input class=\"wpcf7-form-control wpcf7-date wpcf7-validates-as-date\" aria-invalid=\"false\" value=\"\" type=\"date\" name=\"date-764\" \/><\/span>\n<\/p>\n<p><label>Quel forfait touristique souhaitez-vous r\u00e9server?<\/label><br \/>\n<span class=\"wpcf7-form-control-wrap\" data-name=\"checkbox-827\"><span class=\"wpcf7-form-control wpcf7-checkbox\"><span class=\"wpcf7-list-item first\"><input type=\"checkbox\" name=\"checkbox-827[]\" value=\"Half Day Jeep Tour\" \/><span class=\"wpcf7-list-item-label\">Half Day Jeep Tour<\/span><\/span><span class=\"wpcf7-list-item\"><input type=\"checkbox\" name=\"checkbox-827[]\" value=\"Full Day Jeep Tour\" \/><span class=\"wpcf7-list-item-label\">Full Day Jeep Tour<\/span><\/span><span class=\"wpcf7-list-item\"><input type=\"checkbox\" name=\"checkbox-827[]\" value=\"White Desert\" \/><span class=\"wpcf7-list-item-label\">White Desert<\/span><\/span><span class=\"wpcf7-list-item\"><input type=\"checkbox\" name=\"checkbox-827[]\" value=\"Burdah Arch\" \/><span class=\"wpcf7-list-item-label\">Burdah Arch<\/span><\/span><span class=\"wpcf7-list-item\"><input type=\"checkbox\" name=\"checkbox-827[]\" value=\"Jabal Umm A Dami\" \/><span class=\"wpcf7-list-item-label\">Jabal Umm A Dami<\/span><\/span><span class=\"wpcf7-list-item\"><input type=\"checkbox\" name=\"checkbox-827[]\" value=\"Camel Ride\" \/><span class=\"wpcf7-list-item-label\">Camel Ride<\/span><\/span><span class=\"wpcf7-list-item last\"><input type=\"checkbox\" name=\"checkbox-827[]\" value=\"Rock Climbing\" \/><span class=\"wpcf7-list-item-label\">Rock Climbing<\/span><\/span><\/span><\/span>\n<\/p>\n<p><label> Avez-vous des restrictions alimentaires?<br \/>\n<span class=\"wpcf7-form-control-wrap\" data-name=\"textarea-660\"><textarea cols=\"40\" rows=\"10\" maxlength=\"2000\" class=\"wpcf7-form-control wpcf7-textarea\" aria-invalid=\"false\" placeholder=\"No\" name=\"textarea-660\"><\/textarea><\/span><br \/>\n<\/label>\n<\/p>\n<p><label> Si vous avez des questions, veuillez nous le faire savoir (facultatif)<br \/>\n<span class=\"wpcf7-form-control-wrap\" data-name=\"textarea-822\"><textarea cols=\"40\" rows=\"10\" maxlength=\"2000\" class=\"wpcf7-form-control wpcf7-textarea\" aria-invalid=\"false\" name=\"textarea-822\"><\/textarea><\/span><br \/>\n<\/label>\n<\/p>\n<p><input class=\"wpcf7-form-control wpcf7-submit has-spinner\" type=\"submit\" value=\"Soumettre\" \/>\n<\/p>\n<p>Ce formulaire utilise Akismet pour r\u00e9duire les ind\u00e9sirables. <a target=\"_blank\" rel=\"nofollow noopener\" href=\"https:\/\/akismet.com\/privacy\/\">D\u00e9couvrez comment vos donn\u00e9es sont trait\u00e9es.<\/a>\n<\/p><p style=\"display: none !important;\" class=\"akismet-fields-container\" data-prefix=\"_wpcf7_ak_\"><label>&#916;<textarea name=\"_wpcf7_ak_hp_textarea\" cols=\"45\" rows=\"8\" maxlength=\"100\"><\/textarea><\/label><input type=\"hidden\" id=\"ak_js_1\" name=\"_wpcf7_ak_js\" value=\"59\"\/><script>document.getElementById( \"ak_js_1\" ).setAttribute( \"value\", ( new Date() ).getTime() );<\/script><\/p><div class=\"wpcf7-response-output\" aria-hidden=\"true\"><\/div>\n<\/form>\n<\/div>\n[\/vc_column][\/vc_row]<\/p>\n<\/div>","protected":false},"excerpt":{"rendered":"<p>[vc_row full_width=\u00a0\u00bbstretch_row_content_no_spaces\u00a0\u00bb equal_height=\u00a0\u00bbyes\u00a0\u00bb content_placement=\u00a0\u00bbtop\u00a0\u00bb][vc_column width=\u00a0\u00bb1\/2&Prime; css=\u00a0\u00bb.vc_custom_1571563698882{padding: 50px !important;background-color: #ececec !important;}\u00a0\u00bb][vc_column_text css=\u00a0\u00bb\u00a0\u00bb] Excursion d\u2019une demi-journ\u00e9e en jeep Au cours de la demi-journ\u00e9e en jeep, vous verrez certains des endroits les plus c\u00e9l\u00e8bres de notre d\u00e9sert rouge, vous irez d\u2019un endroit \u00e0 un autre avec notre jeep, vous pourrez voir de beaux paysages de montagnes et en&hellip;<\/p>\n","protected":false},"author":1,"featured_media":0,"parent":0,"menu_order":50,"comment_status":"closed","ping_status":"closed","template":"","meta":{"footnotes":""},"class_list":["post-1693","page","type-page","status-publish","hentry","description-off"],"_links":{"self":[{"href":"https:\/\/wadirumbedouinspirit.com\/fr\/wp-json\/wp\/v2\/pages\/1693","targetHints":{"allow":["GET"]}}],"collection":[{"href":"https:\/\/wadirumbedouinspirit.com\/fr\/wp-json\/wp\/v2\/pages"}],"about":[{"href":"https:\/\/wadirumbedouinspirit.com\/fr\/wp-json\/wp\/v2\/types\/page"}],"author":[{"embeddable":true,"href":"https:\/\/wadirumbedouinspirit.com\/fr\/wp-json\/wp\/v2\/users\/1"}],"replies":[{"embeddable":true,"href":"https:\/\/wadirumbedouinspirit.com\/fr\/wp-json\/wp\/v2\/comments?post=1693"}],"version-history":[{"count":15,"href":"https:\/\/wadirumbedouinspirit.com\/fr\/wp-json\/wp\/v2\/pages\/1693\/revisions"}],"predecessor-version":[{"id":1850,"href":"https:\/\/wadirumbedouinspirit.com\/fr\/wp-json\/wp\/v2\/pages\/1693\/revisions\/1850"}],"wp:attachment":[{"href":"https:\/\/wadirumbedouinspirit.com\/fr\/wp-json\/wp\/v2\/media?parent=1693"}],"curies":[{"name":"wp","href":"https:\/\/api.w.org\/{rel}","templated":true}]}}